{"id":5063,"date":"2023-12-06T22:42:10","date_gmt":"2023-12-07T03:42:10","guid":{"rendered":"https:\/\/www.sfgsac.net\/?post_type=product&#038;p=5063"},"modified":"2023-12-06T22:44:34","modified_gmt":"2023-12-07T03:44:34","slug":"truper-guante-soldador-15246-reforzado-12-paquete","status":"publish","type":"product","link":"https:\/\/www.sfgsac.net\/?product=truper-guante-soldador-15246-reforzado-12-paquete","title":{"rendered":"Truper, Guante soldador 15246 Reforzado, 12\/Paquete"},"content":{"rendered":"<p><strong>CARACTER\u00cdSTICAS<\/strong><\/p>\n<ul>\n<li>\n<table class=\"table table-striped\">\n<tbody>\n<tr>\n<th>Empaque individual<\/th>\n<td>Caballete<\/td>\n<\/tr>\n<tr>\n<th>Inner<\/th>\n<td>6<\/td>\n<\/tr>\n<tr>\n<th>Master<\/th>\n<td>36<\/td>\n<\/tr>\n<\/tbody>\n<\/table>\n<\/li>\n<\/ul>\n","protected":false},"excerpt":{"rendered":"<ul class=\"list-features fa-ul\">\n<li>Excelente desempe\u00f1o y protecci\u00f3n en la industria metalmec\u00e1nica (soldado y formado)<\/li>\n<li>Pu\u00f1o largo 6\u2033 (15 cm) que ofrece protecci\u00f3n adicional al antebrazo<\/li>\n<li>&gt;Unitalla<\/li>\n<li>Refuerzo externo en palmas y dedo pulgar<\/li>\n<li>Forro interno de algod\u00f3n, uniones protegidas con carnaza y costuras de hilo kevlar<\/li>\n<\/ul>\n","protected":false},"featured_media":5059,"comment_status":"open","ping_status":"closed","template":"","meta":[],"product_cat":[63],"product_tag":[201,205,195,200,199,239,219,206,234],"class_list":{"0":"post-5063","1":"product","2":"type-product","3":"status-publish","4":"has-post-thumbnail","6":"product_cat-proteccion-manual","7":"product_tag-epps","8":"product_tag-manual","9":"product_tag-proteccion","10":"product_tag-salud","11":"product_tag-seguridad","12":"product_tag-soldador","13":"product_tag-soldadura","14":"product_tag-trabajo","15":"product_tag-truper","17":"first","18":"instock","19":"shipping-taxable","20":"product-type-simple"},"_links":{"self":[{"href":"https:\/\/www.sfgsac.net\/index.php?rest_route=\/wp\/v2\/product\/5063","targetHints":{"allow":["GET"]}}],"collection":[{"href":"https:\/\/www.sfgsac.net\/index.php?rest_route=\/wp\/v2\/product"}],"about":[{"href":"https:\/\/www.sfgsac.net\/index.php?rest_route=\/wp\/v2\/types\/product"}],"replies":[{"embeddable":true,"href":"https:\/\/www.sfgsac.net\/index.php?rest_route=%2Fwp%2Fv2%2Fcomments&post=5063"}],"wp:featuredmedia":[{"embeddable":true,"href":"https:\/\/www.sfgsac.net\/index.php?rest_route=\/wp\/v2\/media\/5059"}],"wp:attachment":[{"href":"https:\/\/www.sfgsac.net\/index.php?rest_route=%2Fwp%2Fv2%2Fmedia&parent=5063"}],"wp:term":[{"taxonomy":"product_cat","embeddable":true,"href":"https:\/\/www.sfgsac.net\/index.php?rest_route=%2Fwp%2Fv2%2Fproduct_cat&post=5063"},{"taxonomy":"product_tag","embeddable":true,"href":"https:\/\/www.sfgsac.net\/index.php?rest_route=%2Fwp%2Fv2%2Fproduct_tag&post=5063"}],"curies":[{"name":"wp","href":"https:\/\/api.w.org\/{rel}","templated":true}]}}