{"id":5065,"date":"2023-12-06T22:42:25","date_gmt":"2023-12-07T03:42:25","guid":{"rendered":"https:\/\/www.sfgsac.net\/?post_type=product&#038;p=5065"},"modified":"2023-12-06T22:47:59","modified_gmt":"2023-12-07T03:47:59","slug":"tecseg-guante-soldador-tig-as090-12-paquete","status":"publish","type":"product","link":"https:\/\/www.sfgsac.net\/?product=tecseg-guante-soldador-tig-as090-12-paquete","title":{"rendered":"Tecseg, Guante soldador Tig AS090, 12\/Paquete"},"content":{"rendered":"<p><strong>CARACTER\u00cdSTICAS<\/strong><\/p>\n<ul>\n<li>Material de cuero badana con manga de cuero cromo y tejido de hilo nylon<\/li>\n<li>Largo de 14\u2033 (35 cm)<\/li>\n<li>Especial para Soldadura TIG<\/li>\n<li>Talla: \u00fanica<\/li>\n<li>Normativa: EN388 2133<\/li>\n<\/ul>\n","protected":false},"excerpt":{"rendered":"<p>Guantes hechos de cuero carnaza, con palma y dorso de cuero badana, guantelete de cuero cromo y costuras en hilo nylon. Puede ser utilizado en labores de soldadura TIG u otras aplicaciones con exposici\u00f3n a altas temperaturas donde requiera protecci\u00f3n contra quemaduras o perforaci\u00f3n en las manos.<\/p>\n","protected":false},"featured_media":5058,"comment_status":"open","ping_status":"closed","template":"","meta":[],"product_cat":[63],"product_tag":[201,205,195,200,199,239,219,227,206],"class_list":{"0":"post-5065","1":"product","2":"type-product","3":"status-publish","4":"has-post-thumbnail","6":"product_cat-proteccion-manual","7":"product_tag-epps","8":"product_tag-manual","9":"product_tag-proteccion","10":"product_tag-salud","11":"product_tag-seguridad","12":"product_tag-soldador","13":"product_tag-soldadura","14":"product_tag-tecseg","15":"product_tag-trabajo","17":"first","18":"instock","19":"shipping-taxable","20":"product-type-simple"},"_links":{"self":[{"href":"https:\/\/www.sfgsac.net\/index.php?rest_route=\/wp\/v2\/product\/5065","targetHints":{"allow":["GET"]}}],"collection":[{"href":"https:\/\/www.sfgsac.net\/index.php?rest_route=\/wp\/v2\/product"}],"about":[{"href":"https:\/\/www.sfgsac.net\/index.php?rest_route=\/wp\/v2\/types\/product"}],"replies":[{"embeddable":true,"href":"https:\/\/www.sfgsac.net\/index.php?rest_route=%2Fwp%2Fv2%2Fcomments&post=5065"}],"wp:featuredmedia":[{"embeddable":true,"href":"https:\/\/www.sfgsac.net\/index.php?rest_route=\/wp\/v2\/media\/5058"}],"wp:attachment":[{"href":"https:\/\/www.sfgsac.net\/index.php?rest_route=%2Fwp%2Fv2%2Fmedia&parent=5065"}],"wp:term":[{"taxonomy":"product_cat","embeddable":true,"href":"https:\/\/www.sfgsac.net\/index.php?rest_route=%2Fwp%2Fv2%2Fproduct_cat&post=5065"},{"taxonomy":"product_tag","embeddable":true,"href":"https:\/\/www.sfgsac.net\/index.php?rest_route=%2Fwp%2Fv2%2Fproduct_tag&post=5065"}],"curies":[{"name":"wp","href":"https:\/\/api.w.org\/{rel}","templated":true}]}}